{"id":2,"date":"2015-02-11T09:18:07","date_gmt":"2015-02-11T09:18:07","guid":{"rendered":"http:\/?page_id=2"},"modified":"2015-09-17T05:55:12","modified_gmt":"2015-09-17T05:55:12","slug":"sample-page","status":"publish","type":"page","link":"https:\/\/espoonriistanhoitoyhdistys.fi\/","title":{"rendered":"Rhy:n teht\u00e4v\u00e4t"},"content":{"rendered":"<p>Riistanhoitoyhdistys vastaa kest\u00e4v\u00e4n riistatalouden edist\u00e4misest\u00e4 toiminta-alueellaan, huolehtii\u00a0mets\u00e4st\u00e4jien vapaaehtoistoiminnan edist\u00e4misest\u00e4 ja organisoinnista sek\u00e4 hoitaa sille s\u00e4\u00e4detyt julkiset\u00a0hallintoteht\u00e4v\u00e4t.<\/p>\n<p>Riistanhoitoyhdistyksen julkisia hallintoteht\u00e4vi\u00e4 ovat<\/p>\n<ul>\n<li>mets\u00e4styslaissa tarkoitettujen ampumakokeiden sek\u00e4 riistanhoitomaksusta ja pyyntilupamaksusta\u00a0annetussa laissa tarkoitettujen mets\u00e4st\u00e4j\u00e4tutkintojen j\u00e4rjest\u00e4minen.<\/li>\n<li>riistavahinkolain 25. pyk\u00e4l\u00e4ss\u00e4 tarkoitettuihin maastotarkastuksiin osallistuminen.<\/li>\n<li>mets\u00e4styslain noudattamisen valvonnasta vastaavien viranomaisten avustaminen mets\u00e4styksen\u00a0valvonnassa.<\/li>\n<li>muut riistanhoitoyhdistykselle riistahallintolain tai muun lain mukaan kuuluvat julkiset hallintoteht\u00e4v\u00e4t.<\/li>\n<\/ul>\n<p>Riistanhoitoyhdistyksen muita teht\u00e4vi\u00e4 ovat<\/p>\n<ul>\n<li>poliisin avustaminen hirviel\u00e4inkolareissa ja suurpeto-karkotusteht\u00e4viss\u00e4 (suurriista virka-apu, <a href=\"http:\/\/riista.fi\/riistatalous\/riistavahingot-ja-konfliktit\/suurriistavirka-apu\/\">SRVA<\/a>).<\/li>\n<li>kest\u00e4v\u00e4n riistatalouden edist\u00e4minen.<\/li>\n<li>kest\u00e4v\u00e4n, turvallisen ja eettisesti hyv\u00e4ksytt\u00e4v\u00e4n mets\u00e4styksen edist\u00e4minen.<\/li>\n<li>riistanhoidon, riistael\u00e4inkantojen kest\u00e4vyyden ja elinvoimaisuuden sek\u00e4 riistan elinymp\u00e4rist\u00f6jen hoidon ja\u00a0riistael\u00e4inten aiheuttamien vahinkojen ehk\u00e4isemisen edist\u00e4minen. Esimerkiksi <a href=\"http:\/\/riista.fi\/metsastys\/ohjeita-metsastajalle\/hyvan-riistanhoidon-suositukset\/villikanivahinkojen-ehkaiseminen\/\">villikanien<\/a> ja <a href=\"http:\/\/riista.fi\/metsastys\/ohjeita-metsastajalle\/hyvan-riistanhoidon-suositukset\/vierasperaisten-petojen-metsastaminen\/\">supikoirien<\/a>\u00a0aiheuttamien vahinkojen ehk\u00e4isemisess\u00e4, riistanhoitoyhdistyksell\u00e4 on neuvoa antava rooli, eik\u00e4\u00a0aktiivisesti harrasta pyynti\u00e4. Mit\u00e4 tehd\u00e4\u00e4n kun l\u00f6ydet\u00e4\u00e4n <a href=\"http:\/\/riista.fi\/metsastys\/ohjeita-metsastajalle\/kuolleena-loytyneet-riistaelaimet-omistusoikeudet-ja-ohje-kasittelyyn\/\">kuollut el\u00e4in<\/a>.<\/li>\n<li>mets\u00e4stykseen, riistatalouteen ja riistael\u00e4imiin liittyvien asiantuntija-, koulutus- ja neuvontapalveluiden\u00a0tuottaminen sek\u00e4 n\u00e4ihin liittyv\u00e4 tiedotus ja viestint\u00e4.<\/li>\n<li>muiden sille s\u00e4\u00e4dettyjen tai maa- ja mets\u00e4talousministeri\u00f6n tai Suomen riistakeskuksen m\u00e4\u00e4r\u00e4\u00e4mien\u00a0teht\u00e4vien suorittaminen.<\/li>\n<\/ul>\n","protected":false},"excerpt":{"rendered":"<p>Riistanhoitoyhdistys vastaa kest\u00e4v\u00e4n riistatalouden edist\u00e4misest\u00e4 toiminta-alueellaan, huolehtii\u00a0mets\u00e4st\u00e4jien vapaaehtoistoiminnan edist\u00e4misest\u00e4 ja organisoinnista sek\u00e4 hoitaa sille s\u00e4\u00e4detyt julkiset\u00a0hallintoteht\u00e4v\u00e4t. Riistanhoitoyhdistyksen julkisia hallintoteht\u00e4vi\u00e4 ovat mets\u00e4styslaissa tarkoitettujen ampumakokeiden sek\u00e4 riistanhoitomaksusta ja pyyntilupamaksusta\u00a0annetussa laissa tarkoitettujen mets\u00e4st\u00e4j\u00e4tutkintojen j\u00e4rjest\u00e4minen. riistavahinkolain 25. pyk\u00e4l\u00e4ss\u00e4 tarkoitettuihin maastotarkastuksiin osallistuminen. mets\u00e4styslain noudattamisen valvonnasta &hellip; <a href=\"https:\/\/espoonriistanhoitoyhdistys.fi\/\">Lue loppuun <span class=\"meta-nav\">&rarr;<\/span><\/a><\/p>\n","protected":false},"author":1,"featured_media":0,"parent":0,"menu_order":0,"comment_status":"closed","ping_status":"closed","template":"","meta":[],"_links":{"self":[{"href":"https:\/\/espoonriistanhoitoyhdistys.fi\/index.php?rest_route=\/wp\/v2\/pages\/2"}],"collection":[{"href":"https:\/\/espoonriistanhoitoyhdistys.fi\/index.php?rest_route=\/wp\/v2\/pages"}],"about":[{"href":"https:\/\/espoonriistanhoitoyhdistys.fi\/index.php?rest_route=\/wp\/v2\/types\/page"}],"author":[{"embeddable":true,"href":"https:\/\/espoonriistanhoitoyhdistys.fi\/index.php?rest_route=\/wp\/v2\/users\/1"}],"replies":[{"embeddable":true,"href":"https:\/\/espoonriistanhoitoyhdistys.fi\/index.php?rest_route=%2Fwp%2Fv2%2Fcomments&post=2"}],"version-history":[{"count":11,"href":"https:\/\/espoonriistanhoitoyhdistys.fi\/index.php?rest_route=\/wp\/v2\/pages\/2\/revisions"}],"predecessor-version":[{"id":58,"href":"https:\/\/espoonriistanhoitoyhdistys.fi\/index.php?rest_route=\/wp\/v2\/pages\/2\/revisions\/58"}],"wp:attachment":[{"href":"https:\/\/espoonriistanhoitoyhdistys.fi\/index.php?rest_route=%2Fwp%2Fv2%2Fmedia&parent=2"}],"curies":[{"name":"wp","href":"https:\/\/api.w.org\/{rel}","templated":true}]}}