{"id":20,"date":"2015-09-15T14:36:14","date_gmt":"2015-09-15T14:36:14","guid":{"rendered":"http:\/\/hhuttunen.webfactional.com\/ekrhy\/?page_id=20"},"modified":"2025-08-13T08:00:26","modified_gmt":"2025-08-13T08:00:26","slug":"metsastys-ja-lupa-asiat","status":"publish","type":"page","link":"https:\/\/espoonriistanhoitoyhdistys.fi\/?page_id=20","title":{"rendered":"Mets\u00e4stys- ja lupa-asiat"},"content":{"rendered":"<p>Ampuma-aseen hankintaan liittyviss\u00e4 asioissa t\u00e4ytyy olla yhteydess\u00e4 paikalliseen <a href=\"https:\/\/poliisi.fi\/lansi-uudenmaan-poliisilaitos\">poliisilaitokseen<\/a>.<\/p>\n","protected":false},"excerpt":{"rendered":"<p>Ampuma-aseen hankintaan liittyviss\u00e4 asioissa t\u00e4ytyy olla yhteydess\u00e4 paikalliseen poliisilaitokseen.<\/p>\n","protected":false},"author":1,"featured_media":0,"parent":0,"menu_order":0,"comment_status":"closed","ping_status":"closed","template":"","meta":[],"_links":{"self":[{"href":"https:\/\/espoonriistanhoitoyhdistys.fi\/index.php?rest_route=\/wp\/v2\/pages\/20"}],"collection":[{"href":"https:\/\/espoonriistanhoitoyhdistys.fi\/index.php?rest_route=\/wp\/v2\/pages"}],"about":[{"href":"https:\/\/espoonriistanhoitoyhdistys.fi\/index.php?rest_route=\/wp\/v2\/types\/page"}],"author":[{"embeddable":true,"href":"https:\/\/espoonriistanhoitoyhdistys.fi\/index.php?rest_route=\/wp\/v2\/users\/1"}],"replies":[{"embeddable":true,"href":"https:\/\/espoonriistanhoitoyhdistys.fi\/index.php?rest_route=%2Fwp%2Fv2%2Fcomments&post=20"}],"version-history":[{"count":5,"href":"https:\/\/espoonriistanhoitoyhdistys.fi\/index.php?rest_route=\/wp\/v2\/pages\/20\/revisions"}],"predecessor-version":[{"id":3607,"href":"https:\/\/espoonriistanhoitoyhdistys.fi\/index.php?rest_route=\/wp\/v2\/pages\/20\/revisions\/3607"}],"wp:attachment":[{"href":"https:\/\/espoonriistanhoitoyhdistys.fi\/index.php?rest_route=%2Fwp%2Fv2%2Fmedia&parent=20"}],"curies":[{"name":"wp","href":"https:\/\/api.w.org\/{rel}","templated":true}]}}