{"id":22,"date":"2015-09-15T14:37:28","date_gmt":"2015-09-15T14:37:28","guid":{"rendered":"http:\/\/hhuttunen.webfactional.com\/ekrhy\/?page_id=22"},"modified":"2026-01-28T06:15:58","modified_gmt":"2026-01-28T06:15:58","slug":"ampumakokeet-2015","status":"publish","type":"page","link":"https:\/\/espoonriistanhoitoyhdistys.fi\/?page_id=22","title":{"rendered":"Ampumakokeet"},"content":{"rendered":"\n<p>Kokeen p\u00e4iv\u00e4m\u00e4\u00e4r\u00e4t l\u00f6ytyv\u00e4t \u00a0<a href=\"http:\/\/riista.fi\/metsastys\/tapahtumahaku\/\">www.riista.fi<\/a> \u2013sivuilta.<\/p>\n\n\n\n<p>Kokeeseen ilmoittautuminen maanantaisin klo 18.00 menness\u00e4 ja lauantaisin klo 12.00 menness\u00e4.<\/p>\n\n\n\n<p>Maksu paikanp\u00e4\u00e4ll\u00e4: pankkikortilla tai verkkomaksu oma riistalla.<\/p>\n\n\n\n<p>Ampumakokeisiin voi ilmoittautua paikan p\u00e4\u00e4ll\u00e4. Mukaan henkil\u00f6todistus, voimassa oleva mets\u00e4styskortti, ja hallussapitolupa aseeseen jolla koe ammutaan. Maksu kortilla 20\u20ac\/koekerta.<\/p>\n\n\n\n<p><\/p>\n","protected":false},"excerpt":{"rendered":"<p>Kokeen p\u00e4iv\u00e4m\u00e4\u00e4r\u00e4t l\u00f6ytyv\u00e4t \u00a0www.riista.fi \u2013sivuilta. Kokeeseen ilmoittautuminen maanantaisin klo 18.00 menness\u00e4 ja lauantaisin klo 12.00 menness\u00e4. Maksu paikanp\u00e4\u00e4ll\u00e4: pankkikortilla tai verkkomaksu oma riistalla. Ampumakokeisiin voi ilmoittautua paikan p\u00e4\u00e4ll\u00e4. Mukaan henkil\u00f6todistus, voimassa oleva mets\u00e4styskortti, ja hallussapitolupa aseeseen jolla koe ammutaan. Maksu &hellip; <a href=\"https:\/\/espoonriistanhoitoyhdistys.fi\/?page_id=22\">Lue loppuun <span class=\"meta-nav\">&rarr;<\/span><\/a><\/p>\n","protected":false},"author":1,"featured_media":0,"parent":0,"menu_order":0,"comment_status":"closed","ping_status":"closed","template":"","meta":[],"_links":{"self":[{"href":"https:\/\/espoonriistanhoitoyhdistys.fi\/index.php?rest_route=\/wp\/v2\/pages\/22"}],"collection":[{"href":"https:\/\/espoonriistanhoitoyhdistys.fi\/index.php?rest_route=\/wp\/v2\/pages"}],"about":[{"href":"https:\/\/espoonriistanhoitoyhdistys.fi\/index.php?rest_route=\/wp\/v2\/types\/page"}],"author":[{"embeddable":true,"href":"https:\/\/espoonriistanhoitoyhdistys.fi\/index.php?rest_route=\/wp\/v2\/users\/1"}],"replies":[{"embeddable":true,"href":"https:\/\/espoonriistanhoitoyhdistys.fi\/index.php?rest_route=%2Fwp%2Fv2%2Fcomments&post=22"}],"version-history":[{"count":41,"href":"https:\/\/espoonriistanhoitoyhdistys.fi\/index.php?rest_route=\/wp\/v2\/pages\/22\/revisions"}],"predecessor-version":[{"id":3611,"href":"https:\/\/espoonriistanhoitoyhdistys.fi\/index.php?rest_route=\/wp\/v2\/pages\/22\/revisions\/3611"}],"wp:attachment":[{"href":"https:\/\/espoonriistanhoitoyhdistys.fi\/index.php?rest_route=%2Fwp%2Fv2%2Fmedia&parent=22"}],"curies":[{"name":"wp","href":"https:\/\/api.w.org\/{rel}","templated":true}]}}