{"id":24,"date":"2015-09-15T14:38:24","date_gmt":"2015-09-15T14:38:24","guid":{"rendered":"http:\/\/hhuttunen.webfactional.com\/ekrhy\/?page_id=24"},"modified":"2026-03-26T07:02:04","modified_gmt":"2026-03-26T07:02:04","slug":"metsastajatutkintokurssit","status":"publish","type":"page","link":"https:\/\/espoonriistanhoitoyhdistys.fi\/?page_id=24","title":{"rendered":"Mets\u00e4st\u00e4j\u00e4tutkintokurssit"},"content":{"rendered":"\n<p>Kurssi-ja tutkintop\u00e4iv\u00e4m\u00e4\u00e4r\u00e4t l\u00f6ytyv\u00e4t <a href=\"http:\/\/riista.fi\/metsastys\/tapahtumahaku\/\">www.riista.fi<\/a> \u2013sivuilta<\/p>\n\n\n\n<div class=\"wp-block-columns\">\n<div class=\"wp-block-column\" style=\"flex-basis:100%\"><\/div>\n<\/div>\n\n\n\n<p>Seuraava kurssi 11.8, 13.8 ja 17.8.2026<\/p>\n\n\n\n<p>Kurssiin sis\u00e4ltyy viimeisen\u00e4 iltana mets\u00e4st\u00e4j\u00e4tutkinto.<\/p>\n\n\n\n<p>Ilmoittautumiset kurssille s-postilla: <a href=\"mailto:rhykurssi.tutkinto@gmail.com\">rhykurssi.tutkinto@gmail.com<\/a><\/p>\n\n\n\n<p>Tarvittavat ilmoittautumistiedot:<\/p>\n\n\n\n<ul><li>Nimi<\/li><li>Osoite<\/li><li>Syntym\u00e4aika<\/li><li>Kurssiaika \/ tutkintoaika<\/li><li>Maksut kurssipaikalla pankkikortilla<\/li><\/ul>\n\n\n\n<p>Hinnat 2025:<\/p>\n\n\n\n<ul><li>Kurssimaksu 70 \u20ac<\/li><li>Tutkintomaksu 20 \u20ac<\/li><li>Mets\u00e4st\u00e4j\u00e4opas kurssipaikalta 45 \u20ac<\/li><\/ul>\n\n\n\n<p><\/p>\n","protected":false},"excerpt":{"rendered":"<p>Kurssi-ja tutkintop\u00e4iv\u00e4m\u00e4\u00e4r\u00e4t l\u00f6ytyv\u00e4t www.riista.fi \u2013sivuilta Seuraava kurssi 11.8, 13.8 ja 17.8.2026 Kurssiin sis\u00e4ltyy viimeisen\u00e4 iltana mets\u00e4st\u00e4j\u00e4tutkinto. Ilmoittautumiset kurssille s-postilla: rhykurssi.tutkinto@gmail.com Tarvittavat ilmoittautumistiedot: Nimi Osoite Syntym\u00e4aika Kurssiaika \/ tutkintoaika Maksut kurssipaikalla pankkikortilla Hinnat 2025: Kurssimaksu 70 \u20ac Tutkintomaksu 20 \u20ac Mets\u00e4st\u00e4j\u00e4opas &hellip; <a href=\"https:\/\/espoonriistanhoitoyhdistys.fi\/?page_id=24\">Lue loppuun <span class=\"meta-nav\">&rarr;<\/span><\/a><\/p>\n","protected":false},"author":1,"featured_media":0,"parent":0,"menu_order":0,"comment_status":"closed","ping_status":"closed","template":"","meta":[],"_links":{"self":[{"href":"https:\/\/espoonriistanhoitoyhdistys.fi\/index.php?rest_route=\/wp\/v2\/pages\/24"}],"collection":[{"href":"https:\/\/espoonriistanhoitoyhdistys.fi\/index.php?rest_route=\/wp\/v2\/pages"}],"about":[{"href":"https:\/\/espoonriistanhoitoyhdistys.fi\/index.php?rest_route=\/wp\/v2\/types\/page"}],"author":[{"embeddable":true,"href":"https:\/\/espoonriistanhoitoyhdistys.fi\/index.php?rest_route=\/wp\/v2\/users\/1"}],"replies":[{"embeddable":true,"href":"https:\/\/espoonriistanhoitoyhdistys.fi\/index.php?rest_route=%2Fwp%2Fv2%2Fcomments&post=24"}],"version-history":[{"count":62,"href":"https:\/\/espoonriistanhoitoyhdistys.fi\/index.php?rest_route=\/wp\/v2\/pages\/24\/revisions"}],"predecessor-version":[{"id":3625,"href":"https:\/\/espoonriistanhoitoyhdistys.fi\/index.php?rest_route=\/wp\/v2\/pages\/24\/revisions\/3625"}],"wp:attachment":[{"href":"https:\/\/espoonriistanhoitoyhdistys.fi\/index.php?rest_route=%2Fwp%2Fv2%2Fmedia&parent=24"}],"curies":[{"name":"wp","href":"https:\/\/api.w.org\/{rel}","templated":true}]}}