{"id":26,"date":"2015-09-15T14:38:54","date_gmt":"2015-09-15T14:38:54","guid":{"rendered":"http:\/\/hhuttunen.webfactional.com\/ekrhy\/?page_id=26"},"modified":"2026-01-28T06:20:26","modified_gmt":"2026-01-28T06:20:26","slug":"metsastajatutkinnot","status":"publish","type":"page","link":"https:\/\/espoonriistanhoitoyhdistys.fi\/?page_id=26","title":{"rendered":"Mets\u00e4st\u00e4j\u00e4tutkinnot"},"content":{"rendered":"\n<p>Hinnat 2025:<\/p>\n\n\n\n<ul><li>Kurssimaksu 70 \u20ac<\/li><li>Tutkintomaksu 20 \u20ac<\/li><li>Mets\u00e4st\u00e4j\u00e4opas kurssipaikalta 45 \u20ac<\/li><\/ul>\n\n\n\n<p>Kurssi-ja tutkintop\u00e4iv\u00e4m\u00e4\u00e4r\u00e4t  <a href=\"http:\/\/riista.fi\/metsastys\/tapahtumahaku\/\">www.riista.fi<\/a> \u2013sivuilta.<\/p>\n","protected":false},"excerpt":{"rendered":"<p>Hinnat 2025: Kurssimaksu 70 \u20ac Tutkintomaksu 20 \u20ac Mets\u00e4st\u00e4j\u00e4opas kurssipaikalta 45 \u20ac Kurssi-ja tutkintop\u00e4iv\u00e4m\u00e4\u00e4r\u00e4t www.riista.fi \u2013sivuilta.<\/p>\n","protected":false},"author":1,"featured_media":0,"parent":0,"menu_order":0,"comment_status":"closed","ping_status":"closed","template":"","meta":[],"_links":{"self":[{"href":"https:\/\/espoonriistanhoitoyhdistys.fi\/index.php?rest_route=\/wp\/v2\/pages\/26"}],"collection":[{"href":"https:\/\/espoonriistanhoitoyhdistys.fi\/index.php?rest_route=\/wp\/v2\/pages"}],"about":[{"href":"https:\/\/espoonriistanhoitoyhdistys.fi\/index.php?rest_route=\/wp\/v2\/types\/page"}],"author":[{"embeddable":true,"href":"https:\/\/espoonriistanhoitoyhdistys.fi\/index.php?rest_route=\/wp\/v2\/users\/1"}],"replies":[{"embeddable":true,"href":"https:\/\/espoonriistanhoitoyhdistys.fi\/index.php?rest_route=%2Fwp%2Fv2%2Fcomments&post=26"}],"version-history":[{"count":60,"href":"https:\/\/espoonriistanhoitoyhdistys.fi\/index.php?rest_route=\/wp\/v2\/pages\/26\/revisions"}],"predecessor-version":[{"id":3614,"href":"https:\/\/espoonriistanhoitoyhdistys.fi\/index.php?rest_route=\/wp\/v2\/pages\/26\/revisions\/3614"}],"wp:attachment":[{"href":"https:\/\/espoonriistanhoitoyhdistys.fi\/index.php?rest_route=%2Fwp%2Fv2%2Fmedia&parent=26"}],"curies":[{"name":"wp","href":"https:\/\/api.w.org\/{rel}","templated":true}]}}