{"id":33,"date":"2015-09-15T14:53:37","date_gmt":"2015-09-15T14:53:37","guid":{"rendered":"http:\/\/hhuttunen.webfactional.com\/ekrhy\/?page_id=33"},"modified":"2026-01-28T06:27:24","modified_gmt":"2026-01-28T06:27:24","slug":"yhteystiedot","status":"publish","type":"page","link":"https:\/\/espoonriistanhoitoyhdistys.fi\/?page_id=33","title":{"rendered":"Yhteystiedot"},"content":{"rendered":"<p>Espoo &#8211; Kauniainen riistanhoitoyhdistys<\/p>\n<p>espoo-kauniainen@rhy.riista.fi<\/p>\n<p><strong>Johtokunta<\/strong><\/p>\n<table border=\"0\" width=\"100%\" cellspacing=\"0\" cellpadding=\"0\">\n<tbody>\n<tr valign=\"top\">\n<td>Puheenjohtaja<\/td>\n<td>G\u00f6ran Pihlstr\u00f6m<\/td>\n<\/tr>\n<tr valign=\"top\">\n<td><\/td>\n<td><\/td>\n<\/tr>\n<tr valign=\"top\">\n<td>Varapuheenjohtaja<\/td>\n<td>Petteri Nyberg<\/td>\n<\/tr>\n<tr valign=\"top\">\n<td><\/td>\n<td><\/td>\n<\/tr>\n<tr valign=\"top\">\n<td>J\u00e4senet<\/td>\n<td>Carl-Johan Pettersson<\/td>\n<\/tr>\n<tr valign=\"top\">\n<td><\/td>\n<td>Markus Oksa<\/td>\n<\/tr>\n<tr valign=\"top\">\n<td><\/td>\n<td>Pekka Oksanen<\/td>\n<\/tr>\n<tr valign=\"top\">\n<td><\/td>\n<td>Antti Saarenmaa<\/td>\n<\/tr>\n<tr valign=\"top\">\n<td><\/td>\n<td>Jukka Ruukki<\/td>\n<\/tr>\n<tr valign=\"top\">\n<td><\/td>\n<td>M\u00e5rten Malmstr\u00f6m<\/td>\n<\/tr>\n<tr valign=\"top\">\n<td>Toiminnanohjaaja<\/td>\n<td>Teddy Heimb\u00fcrger<\/td>\n<\/tr>\n<tr valign=\"top\">\n<td><\/td>\n<td><\/td>\n<\/tr>\n<tr valign=\"top\">\n<td>Petoyhdyshenkil\u00f6<\/td>\n<td>Jukka Ruukki 0405889950<br \/>\nJari Vihersalo 0400836721<\/td>\n<\/tr>\n<tr valign=\"top\">\n<td><\/td>\n<td>Jukka Kirjavainen 0505457140<\/td>\n<\/tr>\n<\/tbody>\n<\/table>\n<p>Yhteystiedot l\u00f6yd\u00e4t my\u00f6s <a href=\"https:\/\/riista.fi\/riistahallinto\/yhteystiedot\/yhteystietohaku\/\">Riista.fi<\/a>.<\/p>\n","protected":false},"excerpt":{"rendered":"<p>Espoo &#8211; Kauniainen riistanhoitoyhdistys espoo-kauniainen@rhy.riista.fi Johtokunta Puheenjohtaja G\u00f6ran Pihlstr\u00f6m Varapuheenjohtaja Petteri Nyberg J\u00e4senet Carl-Johan Pettersson Markus Oksa Pekka Oksanen Antti Saarenmaa Jukka Ruukki M\u00e5rten Malmstr\u00f6m Toiminnanohjaaja Teddy Heimb\u00fcrger Petoyhdyshenkil\u00f6 Jukka Ruukki 0405889950 Jari Vihersalo 0400836721 Jukka Kirjavainen 0505457140 Yhteystiedot l\u00f6yd\u00e4t &hellip; <a href=\"https:\/\/espoonriistanhoitoyhdistys.fi\/?page_id=33\">Lue loppuun <span class=\"meta-nav\">&rarr;<\/span><\/a><\/p>\n","protected":false},"author":1,"featured_media":0,"parent":0,"menu_order":0,"comment_status":"closed","ping_status":"closed","template":"","meta":[],"_links":{"self":[{"href":"https:\/\/espoonriistanhoitoyhdistys.fi\/index.php?rest_route=\/wp\/v2\/pages\/33"}],"collection":[{"href":"https:\/\/espoonriistanhoitoyhdistys.fi\/index.php?rest_route=\/wp\/v2\/pages"}],"about":[{"href":"https:\/\/espoonriistanhoitoyhdistys.fi\/index.php?rest_route=\/wp\/v2\/types\/page"}],"author":[{"embeddable":true,"href":"https:\/\/espoonriistanhoitoyhdistys.fi\/index.php?rest_route=\/wp\/v2\/users\/1"}],"replies":[{"embeddable":true,"href":"https:\/\/espoonriistanhoitoyhdistys.fi\/index.php?rest_route=%2Fwp%2Fv2%2Fcomments&post=33"}],"version-history":[{"count":12,"href":"https:\/\/espoonriistanhoitoyhdistys.fi\/index.php?rest_route=\/wp\/v2\/pages\/33\/revisions"}],"predecessor-version":[{"id":3618,"href":"https:\/\/espoonriistanhoitoyhdistys.fi\/index.php?rest_route=\/wp\/v2\/pages\/33\/revisions\/3618"}],"wp:attachment":[{"href":"https:\/\/espoonriistanhoitoyhdistys.fi\/index.php?rest_route=%2Fwp%2Fv2%2Fmedia&parent=33"}],"curies":[{"name":"wp","href":"https:\/\/api.w.org\/{rel}","templated":true}]}}